{"id":1651,"date":"2022-09-06T15:14:36","date_gmt":"2022-09-06T18:14:36","guid":{"rendered":"https:\/\/climedica.com.ar\/?page_id=1651"},"modified":"2022-09-12T14:40:15","modified_gmt":"2022-09-12T17:40:15","slug":"comercial","status":"publish","type":"page","link":"https:\/\/climedica.com.ar\/?page_id=1651","title":{"rendered":"Comercial"},"content":{"rendered":"<section id=\"bt_section69d4aea6d1226\"  class=\"boldSection btDivider topSemiSpaced bottomSemiSpaced btDarkSkin gutter inherit\" style=\"background-color:rgb(20,64,137);\"><div class=\"port\"><div class=\"boldCell\"><div class=\"boldCellInner\"><div class=\"boldRow  \" ><div class=\"boldRowInner\"><div class=\"rowItem col-md-12 col-ms-12  btTextLeft animate animate-fadein animate-moveleft inherit\"  ><div class=\"rowItemContent\" ><div class=\"btClear btSeparator topExtraSmallSpaced noBorder\" ><hr><\/div><div class=\"btClear btSeparator topExtraSmallSpaced noBorder\" ><hr><\/div><header class=\"header btClear large  btNormalDash\" ><\/header><\/div><\/div><\/div><\/div><\/div><\/div><\/div><\/section><section id=\"bt_section69d4aea6d1341\"  class=\"boldSection topSpaced bottomSpaced gutter inherit\" ><div class=\"port\"><div class=\"boldCell\"><div class=\"boldCellInner\"><div class=\"boldRow  \" ><div class=\"boldRowInner\"><div class=\"rowItem col-md-6 col-sm-12 btTextLeft animate animate-fadein inherit\"  ><div class=\"rowItemContent\" ><header class=\"header btClear large btDash topDash  btAccentDash\" ><div class=\"btSuperTitle\">Quienes somos?<\/div><div class=\"dash\"><h2><span class=\"headline\">CLIMEDICA<\/span><\/h2><\/div><\/header><div class=\"btClear btSeparator topSemiSpaced noBorder\" ><hr><\/div><div class=\"btText\" ><p>CLIM\u00c9DICA Cl\u00ednica Privada, es una instituci\u00f3n m\u00e9dica, ubicada en la calle Saavedra 1039 (entre Humberto Primo y Carlos Calvo), en la Capital Federal,a minutos del centro de nuestra Ciudad.<br \/>\nLa misma ocupa una superficie cubierta de 2500mts. desarrollada en cuatro modernas plantas.<br \/>\nCLIM\u00c9DICA tiene una trayectoria de m\u00e1s de 25 a\u00f1os, con un plantel m\u00e9dico que trabaja en forma conjunta, y que brindan toda su capacidad, responsabilidad y calidad en los servicios.<br \/>\nPromovemos por sobre todo la cultura de la calidad. \u2028Para ello contamos con un Control de Gesti\u00f3n, orientado a la calidad permanente, y a la satisfacci\u00f3n del cliente.<\/p>\n<\/div><div class=\"btClear btSeparator topSemiSpaced noBorder\" ><hr><\/div><\/div><\/div><div class=\"rowItem col-md-6 col-sm-12 btTextLeft animate animate-fadein inherit\"  ><div class=\"rowItemContent\" ><\/div><\/div><\/div><\/div><div class=\"boldRow  \" ><div class=\"boldRowInner\"><div class=\"rowItem col-md-6 col-sm-12 btTextLeft animate animate-fadein inherit\"  ><div class=\"rowItemContent\" ><header class=\"header btClear large btDash bottomDash  btAccentDash\" ><div class=\"dash\"><h2><span class=\"headline\">\u00c1REAS<\/span><\/h2><\/div><\/header><div class=\"btClear btSeparator topSemiSpaced noBorder\" ><hr><\/div><div class=\"btText\" ><ul>\n<li>Admisi\u00f3n<\/li>\n<li>Guardia<\/li>\n<li>Laboratorio de An\u00e1lisis Cl\u00ednicos<\/li>\n<li>Internaci\u00f3n<\/li>\n<li>Unidad Quir\u00fargica<\/li>\n<li>Unidad de Terapia Intensiva<\/li>\n<li>Endoscop\u00eda<\/li>\n<li>Diagnostico por im\u00e1genes<\/li>\n<li>Sala de Recuperaci\u00f3n Ambulatoria e Internaci\u00f3n Abreviada<\/li>\n<li>Unidad de dolor precordial<\/li>\n<li>Medicina Transfusional<\/li>\n<li>Oratorio<\/li>\n<\/ul>\n<\/div><div class=\"btClear btSeparator topSemiSpaced noBorder\" ><hr><\/div><\/div><\/div><div class=\"rowItem col-md-6 col-sm-12 btTextLeft animate animate-fadein inherit\"  ><div class=\"rowItemContent\" ><\/div><\/div><\/div><\/div><div class=\"boldRow  \" ><div class=\"boldRowInner\"><div class=\"rowItem col-md-6 col-sm-12 btTextLeft animate animate-fadein inherit\"  ><div class=\"rowItemContent\" ><header class=\"header btClear large btDash bottomDash  btAccentDash\" ><div class=\"dash\"><h2><span class=\"headline\">QUIR\u00d3FANOS<\/span><\/h2><\/div><\/header><div class=\"btClear btSeparator topSemiSpaced noBorder\" ><hr><\/div><\/div><\/div><div class=\"rowItem col-md-6 col-sm-12 btTextLeft animate animate-fadein inherit\"  ><div class=\"rowItemContent\" ><\/div><\/div><\/div><\/div><div class=\"boldRow  \" ><div class=\"boldRowInner\"><div class=\"rowItem col-md-8 col-ms-12 btTextLeft animate animate-fadein btMiddleVertical\"  ><div class=\"rowItemContent\" ><div class=\"bt_bb_slider bt_bb_height_auto bt_bb_animation_slide animate\"><div class=\"slick-slider\"  data-slick='{ \"lazyLoad\": \"progressive\", \"cssEase\": \"ease-out\", \"speed\": \"300\", \"prevArrow\": \"&lt;button type=\\\"button\\\" class=\\\"slick-prev\\\"&gt;\", \"nextArrow\": \"&lt;button type=\\\"button\\\" class=\\\"slick-next\\\"&gt;\", \"adaptiveHeight\": true, \"dots\": true}' ><div class=\"bt_bb_slider_item\"><img decoding=\"async\" src=\"https:\/\/climedica.com.ar\/wp-content\/uploads\/2022\/09\/cliedmicacomercial2.jpg\" alt=\"\"><\/div><div class=\"bt_bb_slider_item\"><img decoding=\"async\" src=\"https:\/\/climedica.com.ar\/wp-content\/uploads\/2022\/09\/climedicacomercial1.jpg\" alt=\"\"><\/div><\/div><\/div><div class=\"btClear btSeparator topSemiSpaced bottomSemiSpaced border\" ><hr><\/div><\/div><\/div><div class=\"rowItem col-md-4 col-ms-12 btTextLeft animate animate-fadein btMiddleVertical\"  ><div class=\"rowItemContent\" ><div class=\"btText\" ><div class=\"page\" title=\"Page 1\">\n<div class=\"layoutArea\">\n<div class=\"column\">\n<p>Contamos con coordinaci\u00f3n m\u00e9dica del quiro\u0301fano central y de las especialidades quiru\u0301rgicas, con el fin de optimizar la gestio\u0301n del mismo y brindar mejor calidad de atencio\u0301n.<\/p>\n<p>Se complet\u00f3 la reforma integral de la planta quiru\u0301rgica \u00a0y se realiz\u00f3\u00a0la\u00a0actualizaci\u00f3n\u00a0del\u00a0equipamiento m\u00e9dico.<\/p>\n<\/div>\n<\/div>\n<\/div>\n<\/div><\/div><\/div><\/div><\/div><div class=\"boldRow  \" ><div class=\"boldRowInner\"><div class=\"rowItem col-md-8 col-ms-12 btTextLeft animate animate-fadein btMiddleVertical\"  ><div class=\"rowItemContent\" ><div class=\"bt_bb_slider bt_bb_height_keep-height bt_bb_animation_slide animate\"><div class=\"slick-slider\"  data-slick='{ \"lazyLoad\": \"progressive\", \"cssEase\": \"ease-out\", \"speed\": \"300\", \"prevArrow\": \"&lt;button type=\\\"button\\\" class=\\\"slick-prev\\\"&gt;\", \"nextArrow\": \"&lt;button type=\\\"button\\\" class=\\\"slick-next\\\"&gt;\", \"dots\": true}' ><div class=\"bt_bb_slider_item\"><img decoding=\"async\" src=\"https:\/\/climedica.com.ar\/wp-content\/uploads\/2022\/09\/climedicacomercial3.jpg\" alt=\"\"><\/div><div class=\"bt_bb_slider_item\"><img decoding=\"async\" src=\"https:\/\/climedica.com.ar\/wp-content\/uploads\/2022\/09\/climedicacomercial4.jpg\" alt=\"\"><\/div><\/div><\/div><div class=\"btClear btSeparator topSemiSpaced bottomSemiSpaced border\" ><hr><\/div><\/div><\/div><div class=\"rowItem col-md-4 col-ms-12 btTextLeft animate animate-fadein btMiddleVertical\"  ><div class=\"rowItemContent\" ><div class=\"btText\" ><div class=\"page\" title=\"Page 1\">\n<div class=\"layoutArea\">\n<div class=\"column\">\n<div class=\"page\" title=\"Page 2\">\n<div class=\"layoutArea\">\n<div class=\"column\">\n<p>Hemos incorporado un equipo nuevo de Radioscopia mo\u0301vil (arco en C) de u\u0301ltima generacio\u0301n, al igual que la incorporacio\u0301n de dos nuevas mesas de anestesia.<\/p>\n<\/div>\n<\/div>\n<\/div>\n<\/div>\n<\/div>\n<\/div>\n<\/div><\/div><\/div><\/div><\/div><div class=\"boldRow  \" ><div class=\"boldRowInner\"><div class=\"rowItem col-md-6 col-sm-12 btTextLeft animate animate-fadein inherit\"  ><div class=\"rowItemContent\" ><header class=\"header btClear large btDash bottomDash  btAccentDash\" ><div class=\"dash\"><h2><span class=\"headline\">CONTACTOS<\/span><\/h2><\/div><\/header><div class=\"btClear btSeparator topSemiSpaced noBorder\" ><hr><\/div><div class=\"btText\" ><p><strong>Departamento Comercial<\/strong><br \/>\nFiorella Coppola<br \/>\n<a href=\"mailto:contrataciones@climedica.com.ar\">contrataciones@climedica.com.ar<\/a><br \/>\nTel: 11 2267-9126<\/p>\n<p><strong>Direcci\u00f3n m\u00e9dica<\/strong><br \/>\nDirector M\u00e9dico: Dr. Tenuta Antonio<br \/>\nSecretaria: Mar\u00eda Teresa Aversa<br \/>\n<a href=\"mailto:direccionmedica@climedica.com.ar\">direccionmedica@climedica.com.ar<\/a><br \/>\nInterno 241 \/ 243<\/p>\n<p><strong>Auditoria M\u00e9dica<\/strong><br \/>\nDra. Rizzo Laura<br \/>\n<a href=\"mailto:auditoriamedica@climedica.com.ar\">auditoriamedica@climedica.com.ar<\/a><br \/>\nInterno 220<\/p>\n<p><strong>Admisi\u00f3n<\/strong><br \/>\nInternos: 204 \/ 205<br \/>\njefa del sector: Valeria Fern\u00e1ndez<br \/>\nInterno 250<br \/>\n<a href=\"mailto:admision@climedica.com.ar\">admision@climedica.com.ar<\/a><br \/>\n<a href=\"mailto:estudios@climedica.com.ar\">estudios@climedica.com.ar<\/a><\/p>\n<p><strong>Recepci\u00f3n<\/strong><br \/>\nInternos: 203 \/ 0<\/p>\n<p><strong>Coordinaci\u00f3n M\u00e9dica<\/strong><br \/>\nDr. R\u00e9molo Emanuel<br \/>\nInterno 206<br \/>\n<a href=\"mailto:coordinacionmedica@climedica.com.ar\">coordinacionmedica@climedica.com.ar<\/a><\/p>\n<p><strong>Derivaciones (para internaci\u00f3n)<\/strong><br \/>\nTel\u00e9fono directo: 4942-0111<\/p>\n<p><strong>Facturaci\u00f3n<\/strong><br \/>\nTel.: 4943-0183\/1497 (Rotativas)<br \/>\n4943-3069<br \/>\n<a href=\"mailto:facturacion@climedica.com.ar\">facturacion@climedica.com.ar<\/a><\/p>\n<p><strong>Departamento de Cobranzas<\/strong><br \/>\nDaniela Ramos<br \/>\n4943-3069 interno 105<br \/>\n<a href=\"mailto:cobranza@climedica.com.ar\">cobranza@climedica.com.ar<\/a><\/p>\n<\/div><div class=\"btClear btSeparator topSemiSpaced noBorder\" ><hr><\/div><\/div><\/div><div class=\"rowItem col-md-6 col-sm-12 btTextLeft animate animate-fadein inherit\"  ><div class=\"rowItemContent\" ><\/div><\/div><\/div><\/div><\/div><\/div><\/div><\/section>","protected":false},"excerpt":{"rendered":"","protected":false},"author":1,"featured_media":0,"parent":0,"menu_order":0,"comment_status":"closed","ping_status":"closed","template":"","meta":{"footnotes":""},"class_list":["post-1651","page","type-page","status-publish","hentry"],"aioseo_notices":[],"_links":{"self":[{"href":"https:\/\/climedica.com.ar\/index.php?rest_route=\/wp\/v2\/pages\/1651","targetHints":{"allow":["GET"]}}],"collection":[{"href":"https:\/\/climedica.com.ar\/index.php?rest_route=\/wp\/v2\/pages"}],"about":[{"href":"https:\/\/climedica.com.ar\/index.php?rest_route=\/wp\/v2\/types\/page"}],"author":[{"embeddable":true,"href":"https:\/\/climedica.com.ar\/index.php?rest_route=\/wp\/v2\/users\/1"}],"replies":[{"embeddable":true,"href":"https:\/\/climedica.com.ar\/index.php?rest_route=%2Fwp%2Fv2%2Fcomments&post=1651"}],"version-history":[{"count":14,"href":"https:\/\/climedica.com.ar\/index.php?rest_route=\/wp\/v2\/pages\/1651\/revisions"}],"predecessor-version":[{"id":1670,"href":"https:\/\/climedica.com.ar\/index.php?rest_route=\/wp\/v2\/pages\/1651\/revisions\/1670"}],"wp:attachment":[{"href":"https:\/\/climedica.com.ar\/index.php?rest_route=%2Fwp%2Fv2%2Fmedia&parent=1651"}],"curies":[{"name":"wp","href":"https:\/\/api.w.org\/{rel}","templated":true}]}}