{"id":1394,"date":"2022-06-28T04:31:56","date_gmt":"2022-06-28T04:31:56","guid":{"rendered":"https:\/\/climedica.com.ar\/?page_id=1394"},"modified":"2022-09-12T14:41:31","modified_gmt":"2022-09-12T17:41:31","slug":"institucional","status":"publish","type":"page","link":"https:\/\/climedica.com.ar\/?page_id=1394","title":{"rendered":"Institucional"},"content":{"rendered":"<section id=\"bt_section69e13c2fd7f3e\"  class=\"boldSection btDivider topSemiSpaced bottomSemiSpaced btDarkSkin gutter inherit\" style=\"background-color:rgb(20,64,137);\"><div class=\"port\"><div class=\"boldCell\"><div class=\"boldCellInner\"><div class=\"boldRow  \" ><div class=\"boldRowInner\"><div class=\"rowItem col-md-12 col-ms-12  btTextLeft animate animate-fadein animate-moveleft inherit\"  ><div class=\"rowItemContent\" ><div class=\"btClear btSeparator topExtraSmallSpaced noBorder\" ><hr><\/div><div class=\"btClear btSeparator topExtraSmallSpaced noBorder\" ><hr><\/div><header class=\"header btClear large  btNormalDash\" ><div class=\"dash\"><h2><span class=\"headline\">INSTITUCIONAL<\/span><\/h2><\/div><\/header><\/div><\/div><\/div><\/div><\/div><\/div><\/div><\/section><section id=\"bt_section69e13c2fd819a\"  class=\"boldSection topSpaced gutter inherit wBackground cover\" style=\"background-image:url('https:\/\/climedica.com.ar\/wp-content\/uploads\/2022\/08\/principal.jpg');\"><div class=\"port\"><div class=\"boldCell\"><div class=\"boldCellInner\"><div class=\"boldRow  \" ><div class=\"boldRowInner\"><div class=\"rowItem col-md-7 col-ms-12  btTextLeft animate animate-fadein inherit\"  ><div class=\"rowItemContent\" ><header class=\"header btClear large btDash topDash  btNormalDash\" ><div class=\"btSuperTitle\">Nuestra historia<\/div><div class=\"dash\"><h2><span class=\"headline\">NOSOTROS<\/span><\/h2><\/div><\/header><div class=\"btClear btSeparator bottomSmallSpaced noBorder\" ><hr><\/div><header class=\"header btClear extralarge  btNormalDash\" ><div class=\"btSubTitle\">CLIM\u00c9DICA Cl\u00ednica Privada, es una instituci\u00f3n m\u00e9dica, ubicada en la calle Saavedra 1039 (entre Humberto Primo y Carlos Calvo), en la Capital Federal,a minutos del centro de nuestra Ciudad.\r<br>La misma ocupa una superficie cubierta de 2500mts. desarrollada en cuatro modernas plantas.\r<br>CLIM\u00c9DICA tiene una trayectoria de m\u00e1s de 25 a\u00f1os, con un plantel m\u00e9dico que trabaja en forma conjunta, y que brindan toda su capacidad, responsabilidad y calidad en los servicios.\r<br>Promovemos por sobre todo la cultura de la calidad. Para ello contamos con un Control de Gesti\u00f3n, orientado a la calidad permanente, y a la satisfacci\u00f3n del cliente.<\/div><\/header><div class=\"btClear btSeparator bottomSmallSpaced noBorder\" ><hr><\/div><\/div><\/div><div class=\"rowItem col-md-5 col-ms-12  btTextLeft animate animate-fadein animate-moveleft btBottomVertical\"  ><div class=\"rowItemContent\" ><div class=\"bpgPhoto btTextCenter bt_bb_hidden_xs bt_bb_hidden_ms bt_bb_hidden_sm bt_bb_hidden_md bt_bb_hidden_lg\" ><div class=\"btImage\"><img decoding=\"async\" src=\"https:\/\/climedica.com.ar\/wp-content\/uploads\/2015\/12\/client.png\" alt=\"\" title=\"\"><\/div><\/div><\/div><\/div><\/div><\/div><\/div><\/div><\/div><\/section>","protected":false},"excerpt":{"rendered":"","protected":false},"author":1,"featured_media":0,"parent":0,"menu_order":0,"comment_status":"closed","ping_status":"closed","template":"","meta":{"footnotes":""},"class_list":["post-1394","page","type-page","status-publish","hentry"],"aioseo_notices":[],"_links":{"self":[{"href":"https:\/\/climedica.com.ar\/index.php?rest_route=\/wp\/v2\/pages\/1394","targetHints":{"allow":["GET"]}}],"collection":[{"href":"https:\/\/climedica.com.ar\/index.php?rest_route=\/wp\/v2\/pages"}],"about":[{"href":"https:\/\/climedica.com.ar\/index.php?rest_route=\/wp\/v2\/types\/page"}],"author":[{"embeddable":true,"href":"https:\/\/climedica.com.ar\/index.php?rest_route=\/wp\/v2\/users\/1"}],"replies":[{"embeddable":true,"href":"https:\/\/climedica.com.ar\/index.php?rest_route=%2Fwp%2Fv2%2Fcomments&post=1394"}],"version-history":[{"count":14,"href":"https:\/\/climedica.com.ar\/index.php?rest_route=\/wp\/v2\/pages\/1394\/revisions"}],"predecessor-version":[{"id":1671,"href":"https:\/\/climedica.com.ar\/index.php?rest_route=\/wp\/v2\/pages\/1394\/revisions\/1671"}],"wp:attachment":[{"href":"https:\/\/climedica.com.ar\/index.php?rest_route=%2Fwp%2Fv2%2Fmedia&parent=1394"}],"curies":[{"name":"wp","href":"https:\/\/api.w.org\/{rel}","templated":true}]}}