{"id":1381,"date":"2022-06-28T03:35:53","date_gmt":"2022-06-28T03:35:53","guid":{"rendered":"https:\/\/climedica.com.ar\/?page_id=1381"},"modified":"2022-08-26T19:22:01","modified_gmt":"2022-08-26T22:22:01","slug":"servicios","status":"publish","type":"page","link":"https:\/\/climedica.com.ar\/?page_id=1381","title":{"rendered":"\u00c1reas"},"content":{"rendered":"<section id=\"bt_section69e12217d5672\"  class=\"boldSection btDivider topSemiSpaced bottomSemiSpaced btDarkSkin gutter inherit\" style=\"background-color:rgb(20,64,137);\"><div class=\"port\"><div class=\"boldCell\"><div class=\"boldCellInner\"><div class=\"boldRow  \" ><div class=\"boldRowInner\"><div class=\"rowItem col-md-12 col-ms-12  btTextLeft animate animate-fadein animate-moveleft inherit\"  ><div class=\"rowItemContent\" ><div class=\"btClear btSeparator topExtraSmallSpaced noBorder\" ><hr><\/div><div class=\"btClear btSeparator topExtraSmallSpaced noBorder\" ><hr><\/div><header class=\"header btClear large  btNormalDash\" ><div class=\"dash\"><h2><span class=\"headline\">\u00c1REAS<\/span><\/h2><\/div><\/header><\/div><\/div><\/div><\/div><\/div><\/div><\/div><\/section><section id=\"bt_section69e12217d57c8\"  class=\"boldSection topSpaced bottomSpaced gutter inherit\" ><div class=\"port\"><div class=\"boldCell\"><div class=\"boldCellInner\"><div class=\"boldRow  \" ><div class=\"boldRowInner\"><div class=\"rowItem col-md-12 col-ms-12  btTextLeft animate animate-fadein inherit\"  ><div class=\"rowItemContent\" ><div class=\"btText\" ><div class=\"btText\">\n<p>Nuestros sectores poseen una distribuci\u00f3n sumamente operativa, permitiendo a nuestro personal altamente capacitado la atenci\u00f3n de pacientes de manera eficaz, evitando demoras innecesarias.<\/p>\n<\/div>\n<\/div><\/div><\/div><\/div><\/div><\/div><\/div><\/div><\/section><section id=\"bt_section69e12217d59fc\"  class=\"boldSection topSpaced gutter inherit\" ><div class=\"port\"><div class=\"boldCell\"><div class=\"boldCellInner\"><div class=\"boldRow  \" ><div class=\"boldRowInner\"><div class=\"rowItem col-md-6 col-sm-12 btTextLeft animate animate-fadein animate-moveright btMiddleVertical\"  ><div class=\"rowItemContent\" ><div class=\"bpgPhoto btTextCenter\" ><div class=\"btImage\"><img decoding=\"async\" src=\"https:\/\/climedica.com.ar\/wp-content\/uploads\/2022\/08\/recepcion.jpg\" alt=\"\" title=\"\"><\/div><\/div><\/div><\/div><div class=\"rowItem col-md-6 col-sm-12 btTextLeft animate animate-fadein btMiddleVertical btDoublePadding\"  ><div class=\"rowItemContent\" ><header class=\"header btClear medium  btNormalDash\" ><div class=\"dash\"><h3><span class=\"headline\">ADMISI\u00d3N<\/span><\/h3><\/div><\/header><div class=\"btClear btSeparator bottomExtraSmallSpaced noBorder\" ><hr><\/div><div class=\"btText\" ><div class=\"btText\">\n<p>El Servicio de Admisi\u00f3n se encuentra en la planta baja inmediatamente antes luego de atravesar el hall central, all\u00ed se gestiona la primera aproximaci\u00f3n desde el punto de vista filiatorio para el paciente y\/o su entorno familiar cercano y se genera el acceso al sistema de atenci\u00f3n m\u00e9dica, seg\u00fan corresponda para internaci\u00f3n confeccionando la historia cl\u00ednica administrativa \u00f3 consultorio de guardia para demanda de atenci\u00f3n no programada.<\/p>\n<\/div>\n<\/div><div class=\"btClear btSeparator bottomSmallSpaced noBorder\" ><hr><\/div><div class=\"btText\" ><p><strong>Jefe de admisi\u00f3n<\/strong><br \/>\n<strong>Fernandez Valeria<\/strong><\/p>\n<\/div><\/div><\/div><\/div><\/div><\/div><\/div><\/div><\/section><section id=\"bt_section69e12217d606f\"  class=\"boldSection topSpaced gutter inherit\" ><div class=\"port\"><div class=\"boldCell\"><div class=\"boldCellInner\"><div class=\"boldRow  \" ><div class=\"boldRowInner\"><div class=\"rowItem col-md-6 col-sm-12 btTextLeft animate animate-fadein btMiddleVertical btDoublePadding\"  ><div class=\"rowItemContent\" ><header class=\"header btClear medium  btNormalDash\" ><div class=\"dash\"><h3><span class=\"headline\">GUARDIA<\/span><\/h3><\/div><\/header><div class=\"btClear btSeparator bottomExtraSmallSpaced noBorder\" ><hr><\/div><div class=\"btText\" ><div class=\"btText\">\n<p>El Servicio de Guardia est\u00e1 formado por un cuerpo profesional (m\u00e9dicos, enfermeras,<br \/>\npersonal auxiliar, administrativo y mucamas) con una s\u00f3lida formaci\u00f3n profesional y<br \/>\nhumana, capacitado para recibir todo tipo de emergencias m\u00e9dicas de adultos.<br \/>\nCuenta con un Coordinador Jefe y una Supervisora de enfermer\u00eda como autoridades del<br \/>\nServicio, as\u00ed como los profesionales de guardia activa las 24 hs.<\/p>\n<\/div>\n<\/div><div class=\"btClear btSeparator bottomSmallSpaced noBorder\" ><hr><\/div><\/div><\/div><div class=\"rowItem col-md-6 col-sm-12 btTextLeft animate animate-fadein animate-moveleft btMiddleVertical\"  ><div class=\"rowItemContent\" ><div class=\"bpgPhoto btTextCenter\" ><div class=\"btImage\"><img decoding=\"async\" src=\"https:\/\/climedica.com.ar\/wp-content\/uploads\/2022\/08\/guardia.jpg\" alt=\"\" title=\"\"><\/div><\/div><\/div><\/div><\/div><\/div><\/div><\/div><\/div><\/section><section id=\"bt_section69e12217d639a\"  class=\"boldSection topSpaced gutter inherit\" ><div class=\"port\"><div class=\"boldCell\"><div class=\"boldCellInner\"><div class=\"boldRow  \" ><div class=\"boldRowInner\"><div class=\"rowItem col-md-6 col-sm-12 btTextLeft animate animate-fadein animate-moveright btMiddleVertical\"  ><div class=\"rowItemContent\" ><div class=\"bpgPhoto btTextCenter\" ><div class=\"btImage\"><img decoding=\"async\" src=\"https:\/\/climedica.com.ar\/wp-content\/uploads\/2022\/08\/laboratorio2.jpg\" alt=\"\" title=\"\"><\/div><\/div><\/div><\/div><div class=\"rowItem col-md-6 col-sm-12 btTextLeft animate animate-fadein btMiddleVertical btDoublePadding\"  ><div class=\"rowItemContent\" ><header class=\"header btClear medium  btNormalDash\" ><div class=\"dash\"><h3><span class=\"headline\">LABORATORIO DE ANALISIS CL\u00cdNICOS<\/span><\/h3><\/div><\/header><div class=\"btClear btSeparator bottomExtraSmallSpaced noBorder\" ><hr><\/div><div class=\"btText\" ><div class=\"btText\">\n<p>Dotado de alta tecnolog\u00eda. Totalmente computarizado, permite la m\u00e1xima confiabilidad en<br \/>\nlos resultados obtenidos.<br \/>\nCuenta tambi\u00e9n con Servicio independiente de Bacteriolog\u00eda, interconectadas on line, para<br \/>\nuna r\u00e1pida entrega de resultados.<\/p>\n<\/div>\n<\/div><div class=\"btClear btSeparator bottomSmallSpaced noBorder\" ><hr><\/div><\/div><\/div><\/div><\/div><\/div><\/div><\/div><\/section><section id=\"bt_section69e12217d6644\"  class=\"boldSection topSpaced gutter inherit\" ><div class=\"port\"><div class=\"boldCell\"><div class=\"boldCellInner\"><div class=\"boldRow  \" ><div class=\"boldRowInner\"><div class=\"rowItem col-md-6 col-sm-12 btTextLeft animate animate-fadein btMiddleVertical btDoublePadding\"  ><div class=\"rowItemContent\" ><header class=\"header btClear medium  btNormalDash\" ><div class=\"dash\"><h3><span class=\"headline\">INTERNACI\u00d3N<\/span><\/h3><\/div><\/header><div class=\"btClear btSeparator bottomExtraSmallSpaced noBorder\" ><hr><\/div><div class=\"btText\" ><div class=\"btText\">\n<p>Sabemos que la suma de los peque\u00f1os detalles, tambi\u00e9n hacen a la pronta rec\u200buperaci\u00f3n del paciente. Por eso, nuestras habitaciones son confortables, con ba\u00f1o privado, LCD, TV por cable y tel\u00e9fono, pensadas como para que el paciente se sienta como en su casa, con las\u00a0 comodidades necesarias para recibir la visita de sus seres queridos y un sill\u00f3n-cama para el acompa\u00f1ante, ventanas al exterior, y un cuarto de ba\u00f1o individual, convenientemente equipado. Clim\u00e9dica cuenta adem\u00e1s con habitaciones individuales y servicios diferenciales que superan ampliamente los niveles de calidad requeridos por los m\u00e1s exigentes.<\/p>\n<\/div>\n<\/div><div class=\"btClear btSeparator bottomSmallSpaced noBorder\" ><hr><\/div><div class=\"btText\" ><div class=\"btText\"><strong>Jefe de cl\u00ednica m\u00e9dica<\/strong><br \/>\n<strong>Dr. Locatelli, Claudio<\/strong><br \/>\n<strong>M.N 68.021<\/strong><\/div>\n<\/div><\/div><\/div><div class=\"rowItem col-md-6 col-sm-12 btTextLeft animate animate-fadein animate-moveleft btMiddleVertical\"  ><div class=\"rowItemContent\" ><div class=\"bpgPhoto btTextCenter\" ><div class=\"btImage\"><img decoding=\"async\" src=\"https:\/\/climedica.com.ar\/wp-content\/uploads\/2022\/08\/internacion.jpg\" alt=\"\" title=\"\"><\/div><\/div><\/div><\/div><\/div><\/div><\/div><\/div><\/div><\/section><section id=\"bt_section69e12217d6903\"  class=\"boldSection topSpaced gutter inherit\" ><div class=\"port\"><div class=\"boldCell\"><div class=\"boldCellInner\"><div class=\"boldRow  \" ><div class=\"boldRowInner\"><div class=\"rowItem col-md-6 col-sm-12 btTextLeft animate animate-fadein animate-moveright btMiddleVertical\"  ><div class=\"rowItemContent\" ><div class=\"bpgPhoto btTextCenter\" ><div class=\"btImage\"><img decoding=\"async\" src=\"https:\/\/climedica.com.ar\/wp-content\/uploads\/2022\/08\/quirofano.jpg\" alt=\"\" title=\"\"><\/div><\/div><\/div><\/div><div class=\"rowItem col-md-6 col-sm-12 btTextLeft animate animate-fadein btMiddleVertical btDoublePadding\"  ><div class=\"rowItemContent\" ><header class=\"header btClear medium  btNormalDash\" ><div class=\"dash\"><h3><span class=\"headline\">UNIDAD QUIR\u00daRGICA<\/span><\/h3><\/div><\/header><div class=\"btClear btSeparator bottomExtraSmallSpaced noBorder\" ><hr><\/div><div class=\"btText\" ><div class=\"btText\">\n<p>Consta de dos quir\u00f3fanos de id\u00e9ntica complejidad.<br \/>\nCuentan con \u00e1rea de lavado individual; Sistemas de iluminaci\u00f3n con cial\u00edticas de LED;\u00a0 sistema de filtrado de aire con recambio total, mesas de anestesia, columnas de gases m\u00e9dicos centrales. El equipamiento en este sector incluye adem\u00e1s, arco en C digitales, torres de laparoscop\u00eda de \u00faltima generaci\u00f3n con video HD.<\/p>\n<\/div>\n<\/div><div class=\"btClear btSeparator bottomSmallSpaced noBorder\" ><hr><\/div><div class=\"btText\" ><p><strong>Coordinador de quir\u00f3fano<\/strong><br \/>\n<strong>Dr. R\u00e9molo, Emanuel<\/strong><br \/>\n<strong>M.N 123.847<\/strong><\/p>\n<\/div><\/div><\/div><\/div><\/div><\/div><\/div><\/div><\/section><section id=\"bt_section69e12217d6bdc\"  class=\"boldSection topSpaced bottomSpaced gutter inherit\" ><div class=\"port\"><div class=\"boldCell\"><div class=\"boldCellInner\"><div class=\"boldRow  \" ><div class=\"boldRowInner\"><div class=\"rowItem col-md-6 col-sm-12 btTextLeft animate animate-fadein btMiddleVertical btDoublePadding\"  ><div class=\"rowItemContent\" ><header class=\"header btClear medium  btNormalDash\" ><div class=\"dash\"><h3><span class=\"headline\">UNIDAD DE TERAPIA INTENSIVA<\/span><\/h3><\/div><\/header><div class=\"btClear btSeparator bottomExtraSmallSpaced noBorder\" ><hr><\/div><div class=\"btText\" ><div class=\"btText\">\n<p>La internaci\u00f3n en la Unidad de Terapia Intensiva cuenta con diez camas destinadas a la atenci\u00f3n de pacientes con cuadros cr\u00edticos m\u00e9dicos, entre los que se incluyen emergencias, neurol\u00f3gicas, respiratorias y postquir\u00fargicas de, cirug\u00eda general, ortop\u00e9dica, ginecol\u00f3gica y<br \/>\npo\u200blitraumatizados.<\/p>\n<p>Entre las prestaciones se puede mencionar la asistencia respiratoria mec\u00e1nica no invasiva e invasiva, el monitoreo hemodin\u00e1mico continuo, la plasmaf\u00e9resis, el reemplazo de la funci\u00f3n renal con distintos m\u00e9todos (hemodialisis, hemofiltraci\u00f3n intermitente o continua).<\/p>\n<p>El equipamiento consta de: monitores multiparam\u00e9tricos modulares, con central de monitoreo; equipos de asistencia respiratoria mec\u00e1nica, que permiten ventilaci\u00f3n invasiva y no invasiva en todas sus modalidades, as\u00ed como monitoreo de la mec\u00e1nica y funci\u00f3n ventilatoria; desfibriladores; bombas mec\u00e1nicas de infusi\u00f3n y administraci\u00f3n de drogas vasoactivas; monitoreo neurol\u00f3gico invasivo y no Invasivo.<\/p>\n<\/div>\n<\/div><div class=\"btClear btSeparator bottomSmallSpaced noBorder\" ><hr><\/div><div class=\"btText\" ><\/div><\/div><\/div><div class=\"rowItem col-md-6 col-sm-12 btTextLeft animate animate-fadein animate-moveleft btMiddleVertical\"  ><div class=\"rowItemContent\" ><div class=\"bpgPhoto btTextCenter\" ><div class=\"btImage\"><img decoding=\"async\" src=\"https:\/\/climedica.com.ar\/wp-content\/uploads\/2022\/08\/terapia.jpg\" alt=\"\" title=\"\"><\/div><\/div><\/div><\/div><\/div><\/div><\/div><\/div><\/div><\/section><section id=\"bt_section69e12217d6e8c\"  class=\"boldSection topSpaced gutter inherit\" ><div class=\"port\"><div class=\"boldCell\"><div class=\"boldCellInner\"><div class=\"boldRow  \" ><div class=\"boldRowInner\"><div class=\"rowItem col-md-6 col-sm-12 btTextLeft animate animate-fadein animate-moveright btMiddleVertical\"  ><div class=\"rowItemContent\" ><div class=\"bpgPhoto btTextCenter\" ><div class=\"btImage\"><img decoding=\"async\" src=\"https:\/\/climedica.com.ar\/wp-content\/uploads\/2022\/08\/endoscopia.jpg\" alt=\"\" title=\"\"><\/div><\/div><\/div><\/div><div class=\"rowItem col-md-6 col-sm-12 btTextLeft animate animate-fadein btMiddleVertical btDoublePadding\"  ><div class=\"rowItemContent\" ><header class=\"header btClear medium  btNormalDash\" ><div class=\"dash\"><h3><span class=\"headline\">ENDOSCOP\u00cdA<\/span><\/h3><\/div><\/header><div class=\"btClear btSeparator bottomExtraSmallSpaced noBorder\" ><hr><\/div><div class=\"btText\" ><div class=\"btText\">\n<p>Ubicado en el 1\u00ba piso, el servicio ofrece contenci\u00f3n, calidad y seguridad a los pacientes que se someten a estudios endosc\u00f3picos. Cuenta con boxes individuales para la recuperaci\u00f3n de los pacientes.<\/p>\n<\/div>\n<\/div><div class=\"btClear btSeparator bottomSmallSpaced noBorder\" ><hr><\/div><\/div><\/div><\/div><\/div><\/div><\/div><\/div><\/section><section id=\"bt_section69e12217d7391\"  class=\"boldSection topSpaced bottomSpaced gutter inherit\" ><div class=\"port\"><div class=\"boldCell\"><div class=\"boldCellInner\"><div class=\"boldRow  \" ><div class=\"boldRowInner\"><div class=\"rowItem col-md-6 col-sm-12 btTextLeft animate animate-fadein btMiddleVertical btDoublePadding\"  ><div class=\"rowItemContent\" ><header class=\"header btClear medium  btNormalDash\" ><div class=\"dash\"><h3><span class=\"headline\">DIAGNOSTICO POR IM\u00c1GENES<\/span><\/h3><\/div><\/header><div class=\"btClear btSeparator bottomExtraSmallSpaced noBorder\" ><hr><\/div><div class=\"btText\" ><div class=\"btText\">\n<p>Consta de: Radiolog\u00eda General; Tomograf\u00eda Computada Helicoidal Multislice de ocho filas de detectores; Ecograf\u00eda General; Ecoginecolog\u00eda; Ecograf\u00eda Urol\u00f3gica;\u00a0 Ecodoppler Card\u00edaco y Vascular perif\u00e9rico.<\/p>\n<p>El Servicio de Diagn\u00f3stico por Im\u00e1genes presta servicio las 24 horas del d\u00eda con guardia activa. \/ pasiva<\/p>\n<\/div>\n<\/div><div class=\"btClear btSeparator bottomSmallSpaced noBorder\" ><hr><\/div><div class=\"btText\" ><div class=\"btText\"><strong>TURNOS<\/strong><br \/>\n<strong>Lunes a Viernes de 9 a 16 hs<\/strong><br \/>\n<strong>Tel: 4943-0183 \/ 4943-1497<\/strong><br \/>\n<strong>Interno 218<\/strong><\/div>\n<\/div><\/div><\/div><div class=\"rowItem col-md-6 col-sm-12 btTextLeft animate animate-fadein animate-moveleft btMiddleVertical\"  ><div class=\"rowItemContent\" ><div class=\"bpgPhoto btTextCenter\" ><div class=\"btImage\"><img decoding=\"async\" src=\"https:\/\/climedica.com.ar\/wp-content\/uploads\/2022\/08\/imagenes.jpg\" alt=\"\" title=\"\"><\/div><\/div><\/div><\/div><\/div><\/div><\/div><\/div><\/div><\/section><section id=\"bt_section69e12217d77e6\"  class=\"boldSection topSpaced gutter inherit\" ><div class=\"port\"><div class=\"boldCell\"><div class=\"boldCellInner\"><div class=\"boldRow  \" ><div class=\"boldRowInner\"><div class=\"rowItem col-md-6 col-sm-12 btTextLeft animate animate-fadein animate-moveright btMiddleVertical\"  ><div class=\"rowItemContent\" ><div class=\"bpgPhoto btTextCenter\" ><div class=\"btImage\"><img decoding=\"async\" src=\"https:\/\/climedica.com.ar\/wp-content\/uploads\/2022\/08\/recuperacion.jpg\" alt=\"\" title=\"\"><\/div><\/div><\/div><\/div><div class=\"rowItem col-md-6 col-sm-12 btTextLeft animate animate-fadein btMiddleVertical btDoublePadding\"  ><div class=\"rowItemContent\" ><header class=\"header btClear medium  btNormalDash\" ><div class=\"dash\"><h3><span class=\"headline\">SALA DE RECUPERACI\u00d3N AMBULATORIA E INTERNACI\u00d3N ABREVIADA<\/span><\/h3><\/div><\/header><div class=\"btClear btSeparator bottomExtraSmallSpaced noBorder\" ><hr><\/div><div class=\"btText\" ><div class=\"btText\">\n<p>Ubicada en el primer piso, es un \u00e1rea equipada con camas de observaci\u00f3n m\u00e9dica y central de enfermer\u00eda; shock room, gases medicinales y aspiraci\u00f3n centrales. La excelencia de nuestro equipo m\u00e9dico y de enfermer\u00eda, altamente capacitados, nos permite en el \u00e1rea con conexi\u00f3n directa a la planta quir\u00fargica, brindar una asistencia adecuada, controlando y estabilizando pacientes en el post intervencionismo inmediato, cirug\u00eda mayor ambulatoria o endosc\u00f3pica,\u00a0 como aquellos con patolog\u00edas de pronta resoluci\u00f3n que no requieren una estancia mas all\u00e1 de las 24 hs dentro del establecimiento<\/p>\n<\/div>\n<\/div><div class=\"btClear btSeparator bottomSmallSpaced noBorder\" ><hr><\/div><\/div><\/div><\/div><\/div><\/div><\/div><\/div><\/section><section id=\"bt_section69e12217d7af3\"  class=\"boldSection topSpaced bottomSpaced gutter inherit\" ><div class=\"port\"><div class=\"boldCell\"><div class=\"boldCellInner\"><div class=\"boldRow  \" ><div class=\"boldRowInner\"><div class=\"rowItem col-md-6 col-sm-12 btTextLeft animate animate-fadein btMiddleVertical btDoublePadding\"  ><div class=\"rowItemContent\" ><header class=\"header btClear medium  btNormalDash\" ><div class=\"dash\"><h3><span class=\"headline\">UNIDAD DE DOLOR PRECORDIAL<\/span><\/h3><\/div><\/header><div class=\"btClear btSeparator bottomExtraSmallSpaced noBorder\" ><hr><\/div><div class=\"btText\" ><div class=\"btText\">\n<p>Ubicada en el primer piso. Dedicada a mejorar el manejo de los pacientes con dolor tor\u00e1xico agudo, definiendo su internaci\u00f3n inmediata, observaci\u00f3n o alta<\/p>\n<\/div>\n<\/div><div class=\"btClear btSeparator bottomSmallSpaced noBorder\" ><hr><\/div><\/div><\/div><div class=\"rowItem col-md-6 col-sm-12 btTextLeft animate animate-fadein animate-moveleft btMiddleVertical\"  ><div class=\"rowItemContent\" ><div class=\"bpgPhoto btTextCenter\" ><div class=\"btImage\"><img decoding=\"async\" src=\"https:\/\/climedica.com.ar\/wp-content\/uploads\/2022\/08\/unidad-de-control.jpg\" alt=\"\" title=\"\"><\/div><\/div><\/div><\/div><\/div><\/div><\/div><\/div><\/div><\/section><section id=\"bt_section69e12217d7d49\"  class=\"boldSection topSpaced gutter inherit\" ><div class=\"port\"><div class=\"boldCell\"><div class=\"boldCellInner\"><div class=\"boldRow  \" ><div class=\"boldRowInner\"><div class=\"rowItem col-md-6 col-sm-12 btTextLeft animate animate-fadein animate-moveright btMiddleVertical\"  ><div class=\"rowItemContent\" ><div class=\"bpgPhoto btTextCenter\" ><div class=\"btImage\"><img decoding=\"async\" src=\"https:\/\/climedica.com.ar\/wp-content\/uploads\/2022\/08\/suero.jpg\" alt=\"\" title=\"\"><\/div><\/div><\/div><\/div><div class=\"rowItem col-md-6 col-sm-12 btTextLeft animate animate-fadein btMiddleVertical btDoublePadding\"  ><div class=\"rowItemContent\" ><header class=\"header btClear medium  btNormalDash\" ><div class=\"dash\"><h3><span class=\"headline\">MEDICINA TRANSFUSIONAL<\/span><\/h3><\/div><\/header><div class=\"btClear btSeparator bottomExtraSmallSpaced noBorder\" ><hr><\/div><div class=\"btText\" ><div class=\"btText\">\n<p>Cuenta con el equipamiento acorde para la obtenci\u00f3n de hemocomponentes (gl\u00f3bulos rojos<br \/>\ndesplasmatizados, plasma fresco congelado, concentrados de plaquetas y crioprecipitados).<br \/>\nDe este modo las necesidades terap\u00e9uticas de los pacientes en lo relativo a la sangre y<br \/>\nhemocomponentes son definidas, realizadas y controladas por el Servicio<\/p>\n<\/div>\n<\/div><div class=\"btClear btSeparator bottomSmallSpaced noBorder\" ><hr><\/div><div class=\"btClear btSeparator bottomSmallSpaced noBorder\" ><hr><\/div><\/div><\/div><\/div><\/div><\/div><\/div><\/div><\/section><section id=\"bt_section69e12217d7f99\"  class=\"boldSection topSpaced bottomSpaced gutter inherit\" ><div class=\"port\"><div class=\"boldCell\"><div class=\"boldCellInner\"><div class=\"boldRow  \" ><div class=\"boldRowInner\"><div class=\"rowItem col-md-6 col-sm-12 btTextLeft animate animate-fadein btMiddleVertical btDoublePadding\"  ><div class=\"rowItemContent\" ><header class=\"header btClear medium  btNormalDash\" ><div class=\"dash\"><h3><span class=\"headline\">ORATORIO<\/span><\/h3><\/div><\/header><div class=\"btClear btSeparator bottomExtraSmallSpaced noBorder\" ><hr><\/div><div class=\"btText\" ><div class=\"btText\">\n<p>Se encuentra en el primer piso. Creado para acompa\u00f1ar en la esperanza religiosa de la oraci\u00f3n.<\/p>\n<\/div>\n<\/div><div class=\"btClear btSeparator bottomSmallSpaced noBorder\" ><hr><\/div><\/div><\/div><div class=\"rowItem col-md-6 col-sm-12 btTextLeft animate animate-fadein animate-moveleft btMiddleVertical\"  ><div class=\"rowItemContent\" ><div class=\"bpgPhoto btTextCenter\" ><div class=\"btImage\"><img decoding=\"async\" src=\"https:\/\/climedica.com.ar\/wp-content\/uploads\/2022\/08\/oratorio.jpg\" alt=\"\" title=\"\"><\/div><\/div><\/div><\/div><\/div><\/div><\/div><\/div><\/div><\/section><section id=\"bt_section69e12217d8482\"  class=\"boldSection gutter\" ><div class=\"port\"><div class=\"boldCell\"><div class=\"boldCellInner\"><div class=\"boldRow  \" ><div class=\"boldRowInner\"><div class=\"rowItem col-md-12 col-ms-12  btTextLeft\"  ><div class=\"rowItemContent\" ><div class=\"btClear btSeparator bottomSmallSpaced noBorder\" ><hr><\/div><\/div><\/div><\/div><\/div><\/div><\/div><\/div><\/section>","protected":false},"excerpt":{"rendered":"","protected":false},"author":1,"featured_media":0,"parent":0,"menu_order":0,"comment_status":"closed","ping_status":"closed","template":"","meta":{"footnotes":""},"class_list":["post-1381","page","type-page","status-publish","hentry"],"aioseo_notices":[],"_links":{"self":[{"href":"https:\/\/climedica.com.ar\/index.php?rest_route=\/wp\/v2\/pages\/1381","targetHints":{"allow":["GET"]}}],"collection":[{"href":"https:\/\/climedica.com.ar\/index.php?rest_route=\/wp\/v2\/pages"}],"about":[{"href":"https:\/\/climedica.com.ar\/index.php?rest_route=\/wp\/v2\/types\/page"}],"author":[{"embeddable":true,"href":"https:\/\/climedica.com.ar\/index.php?rest_route=\/wp\/v2\/users\/1"}],"replies":[{"embeddable":true,"href":"https:\/\/climedica.com.ar\/index.php?rest_route=%2Fwp%2Fv2%2Fcomments&post=1381"}],"version-history":[{"count":40,"href":"https:\/\/climedica.com.ar\/index.php?rest_route=\/wp\/v2\/pages\/1381\/revisions"}],"predecessor-version":[{"id":1646,"href":"https:\/\/climedica.com.ar\/index.php?rest_route=\/wp\/v2\/pages\/1381\/revisions\/1646"}],"wp:attachment":[{"href":"https:\/\/climedica.com.ar\/index.php?rest_route=%2Fwp%2Fv2%2Fmedia&parent=1381"}],"curies":[{"name":"wp","href":"https:\/\/api.w.org\/{rel}","templated":true}]}}