{"id":1338,"date":"2015-11-30T14:11:42","date_gmt":"2015-11-30T14:11:42","guid":{"rendered":"http:\/\/medical.bold-themes.com\/clinic\/?page_id=2"},"modified":"2022-12-08T12:59:35","modified_gmt":"2022-12-08T15:59:35","slug":"sample-page","status":"publish","type":"page","link":"https:\/\/climedica.com.ar\/","title":{"rendered":"Home"},"content":{"rendered":"<section id=\"bt_section69e279b57da8b\"  class=\"boldSection inherit\" ><div class=\"port\"><div class=\"boldCell\"><div class=\"boldCellInner\"><div class=\"boldRow  \" ><div class=\"boldRowInner\"><div class=\"rowItem col-md-12 col-ms-12  btTextLeft\"  ><div class=\"rowItemContent\" ><div class=\"slided autoSliderHeight btSliderHidePaging\"  data-slick='{ \"lazyLoad\": \"progressive\", \"cssEase\": \"ease-out\", \"speed\": \"600\", \"autoplay\": true, \"autoplaySpeed\": 5000, \"dots\": true}' data-simple_arrows=\"no\"><div class=\"slidedItem firstItem\"  data-thumb=\"https:\/\/climedica.com.ar\/wp-content\/uploads\/2022\/08\/principal-320x213.jpg\"><div class=\"btSliderPort wBackground cover\" style=\"background-image: url('https:\/\/climedica.com.ar\/wp-content\/uploads\/2022\/08\/principal.jpg')\"><div class=\"btSliderCell\" data-slick=\"yes\"><div class=\"btSlideGutter\"><div class=\"btSlidePane\"><div class=\"boldRow boldInnerRow  \" ><div class=\"rowItem rowInnerItem col-md-6  btTextLeft\"  ><div class=\"rowItemContent\"><div class=\"btClear btSeparator topExtraSpaced noBorder\" ><hr><\/div><header class=\"header btClear extralarge  btNormalDash\" ><div class=\"dash\"><h1><span class=\"headline\">TU <b class=\"animate\">CLINICA<\/b> M\u00c1S CERCA<\/span><\/h1><\/div><div class=\"btSubTitle\">Te brindamos toda la informaci\u00f3n de nuestros servicios a trav\u00e9s de nuestra plataforma web. <\/div><\/header><div class=\"btClear btSeparator topSpaced noBorder\" ><hr><\/div><div class=\"btClear btSeparator topSemiSpaced noBorder hidden-xs\" ><hr><\/div><div class=\"btClear btSeparator topSmallSpaced noBorder\" ><hr><\/div><\/div><\/div><div class=\"rowItem rowInnerItem col-md-6  btTextLeft\"  ><div class=\"rowItemContent\"><\/div><\/div><\/div><\/div><\/div><\/div><\/div><\/div><div class=\"slidedItem firstItem\"  data-thumb=\"https:\/\/climedica.com.ar\/wp-content\/uploads\/2022\/08\/principal3-320x213.jpg\"><div class=\"btSliderPort wBackground cover\" style=\"background-image: url('https:\/\/climedica.com.ar\/wp-content\/uploads\/2022\/08\/principal3.jpg')\"><div class=\"btSliderCell\" data-slick=\"yes\"><div class=\"btSlideGutter\"><div class=\"btSlidePane\"><div class=\"boldRow boldInnerRow  \" ><div class=\"rowItem rowInnerItem col-md-7  btTextLeft\"  ><div class=\"rowItemContent\"><div class=\"btClear btSeparator topExtraSpaced noBorder\" ><hr><\/div><header class=\"header btClear extralarge  btNormalDash\" ><div class=\"dash\"><h1><span class=\"headline\">TU SALUD, <b class=\"animate\">NUESTRA PRIORIDAD<\/b><\/span><\/h1><\/div><div class=\"btSubTitle\">En Climedica nuestra prioridad es la salud de nuestros pacientes y la calidad de nuestros servicios.<\/div><\/header><div class=\"btClear btSeparator topSmallSpaced noBorder\" ><hr><\/div><div class=\"btClear btSeparator topSpaced noBorder hidden-xs\" ><hr><\/div><div class=\"btClear btSeparator topSemiSpaced noBorder hidden-xs\" ><hr><\/div><\/div><\/div><div class=\"rowItem rowInnerItem col-md-5  btTextLeft\"  ><div class=\"rowItemContent\"><\/div><\/div><\/div><\/div><\/div><\/div><\/div><\/div><\/div><\/div><\/div><\/div><\/div><\/div><\/div><\/div><\/section><section id=\"bt_section69e279b57e202\"  class=\"boldSection gutter\" ><div class=\"port\"><div class=\"boldCell\"><div class=\"boldCellInner\"><div class=\"boldRow  \" ><div class=\"boldRowInner\"><div class=\"rowItem col-md-12 col-ms-12  btTextLeft\"  ><div class=\"rowItemContent\" ><div class=\"btClear btSeparator topSmallSpaced noBorder\" ><hr><\/div><\/div><\/div><\/div><\/div><\/div><\/div><\/div><\/section><section id=\"bt_section69e279b57e2e5\"  class=\"boldSection bottomSpaced gutter inherit\" style=\"margin-top: -20px; position: relative; z-index: 1;\"><div class=\"port\"><div class=\"boldCell\"><div class=\"boldCellInner\"><div class=\"boldRow btDarkSkin \" style=\"background-color: transparent;\"><div class=\"boldRowInner\"><div class=\"rowItem col-md-3 col-sm-6 col-ms-12 btTextLeft animate animate-fadein btTopVertical btDoublePadding\" style=\"background-color:rgb(30,115,190);\" ><div class=\"rowItemContent\" ><div class=\"btClear btSeparator topSemiSpaced noBorder\" ><hr><\/div><header class=\"header btClear large  btNormalDash\" ><div class=\"btSubTitle\">\u00c1reas<\/div><\/header><div class=\"btText\" ><p>Conoc\u00e9 nuestro modelo organizativo interno, basado en los conceptos de atenci\u00f3n centralizado en el paciente<\/p>\n<\/div><div class=\"btClear btSeparator topSmallSpaced noBorder\" ><hr><\/div><a href=\"\/?page_id=1381\" class=\"btBtn btBtn btnOutlineStyle btnLightColor btnSmall btnNormalWidth btnRightPosition btnNoIcon\" ><span class=\"btnInnerText\">VER M\u00c1S<\/span><\/a><div class=\"btClear btSeparator topSemiSpaced noBorder\" ><hr><\/div><\/div><\/div><div class=\"rowItem col-md-3 col-sm-6 col-ms-12 btTextLeft animate animate-fadein inherit btDoublePadding\" style=\"background-color:rgb(30,102,191);\" ><div class=\"rowItemContent\" ><div class=\"btClear btSeparator topSemiSpaced noBorder\" ><hr><\/div><header class=\"header btClear large  btNormalDash\" ><div class=\"btSubTitle\">Cobertura<\/div><\/header><div class=\"btText\" ><p>Recomendamos consultar previamente el alcance de tu cobertura, en tu obra social o prepaga.<\/p>\n<\/div><div class=\"btClear btSeparator topSmallSpaced noBorder\" ><hr><\/div><a href=\"\/?page_id=1417\" class=\"btBtn btBtn btnOutlineStyle btnLightColor btnSmall btnNormalWidth btnRightPosition btnNoIcon\" ><span class=\"btnInnerText\">VER M\u00c1S<\/span><\/a><div class=\"btClear btSeparator topSemiSpaced noBorder\" ><hr><\/div><\/div><\/div><div class=\"rowItem col-md-3 col-sm-6 col-ms-12 btTextLeft animate animate-fadein inherit btDoublePadding\" style=\"background-color:rgb(30,89,191);\" ><div class=\"rowItemContent\" ><div class=\"btClear btSeparator topSemiSpaced noBorder\" ><hr><\/div><header class=\"header btClear large  btNormalDash\" ><div class=\"btSubTitle\">Consultorios Externos<\/div><\/header><div class=\"btText\" ><p>Centro m\u00e9dico San Juan pertenece a Climedica. Ubicado en la calle San Juan 2511.<\/p>\n<div style=\"overflow: hidden; height: 1px;\">\n<p>Os centros m\u00e9dicos desempenham uma fun\u00e7\u00e3o importante em todos os pa\u00edses do mundo e \u00e9 por isso que as grandes empresas t\u00eam a honra de investir dinheiro no seu desenvolvimento. O mesmo acontece com os casinos online portugueses, para os quais a sa\u00fade dos jogadores sempre desempenhou um papel decisivo. Quando os jogadores do <a href=\"https:\/\/jogosportugueses.xyz\/casino-dinheiro-real\/national-casino\/\">national casino<\/a> s\u00e3o saud\u00e1veis, t\u00eam for\u00e7a e motiva\u00e7\u00e3o para gastar mais dinheiro no jogo e sentem-se mais felizes. A assist\u00eancia m\u00e9dica atempada \u00e9 um direito fundamental de todo o ser humano, que tamb\u00e9m \u00e9 protegido pelas principais empresas do sector dos casinos em Portugal.<\/p>\n<\/div>\n<\/div><div class=\"btClear btSeparator topSmallSpaced noBorder\" ><hr><\/div><a href=\"#\" class=\"btBtn btBtn btnOutlineStyle btnLightColor btnSmall btnNormalWidth btnRightPosition btnNoIcon\" ><span class=\"btnInnerText\">VER M\u00c1S<\/span><\/a><div class=\"btClear btSeparator topSemiSpaced noBorder\" ><hr><\/div><\/div><\/div><div class=\"rowItem col-md-3 col-sm-6 col-ms-12 btTextLeft animate animate-fadein inherit btDoublePadding\" style=\"background-color:rgb(30,76,191);\" ><div class=\"rowItemContent\" ><div class=\"btClear btSeparator topSemiSpaced noBorder\" ><hr><\/div><header class=\"header btClear large  btNormalDash\" ><div class=\"btSubTitle\">Contacto<\/div><\/header><div class=\"btText\" ><p>Tel\u00e9fonos:<br \/>\n4943-0183 \/ 4943-1497<br \/>\nEmail:<br \/>\nrecepcion@climedica.com.ar<\/p>\n<\/div><div class=\"btClear btSeparator topSmallSpaced noBorder\" ><hr><\/div><a href=\"\/?page_id=1377\" class=\"btBtn btBtn btnOutlineStyle btnLightColor btnSmall btnNormalWidth btnRightPosition btnNoIcon\" ><span class=\"btnInnerText\">VER M\u00c1S<\/span><\/a><div class=\"btClear btSeparator topSemiSpaced noBorder\" ><hr><\/div><\/div><\/div><\/div><\/div><\/div><\/div><\/div><\/section><section id=\"bt_section69e279b57eb65\"  class=\"boldSection bottomSemiSpaced gutter inherit bt_bb_hidden_xs bt_bb_hidden_ms bt_bb_hidden_sm bt_bb_hidden_md bt_bb_hidden_lg\" ><div class=\"port\"><div class=\"boldCell\"><div class=\"boldCellInner\"><div class=\"boldRow  \" ><div class=\"boldRowInner\"><div class=\"rowItem col-md-3 col-sm-6 col-ms-12 btTextCenter animate animate-fadein btTextIndent inherit\"  ><div class=\"rowItemContent\" ><div class=\"bpgPhoto btTextCenter\" > \r\n\t\t\t\t\t<a href=\"#\" target=\"_self\" title=\"\"><\/a>\r\n\t\t\t\t\t<div class=\"boldPhotoBox\"><div class=\"bpbItem\"><div class = \"btImage\"><img decoding=\"async\" src=\"https:\/\/climedica.com.ar\/wp-content\/uploads\/2015\/12\/shutterstock_139204727-320x214.jpg\" alt=\"\" title=\"\" ><\/div><\/div><\/div>\r\n\t\t\t\t\t<div class=\"captionPane\">\r\n\t\t\t\t\t\t<div class=\"captionTable\">\r\n\t\t\t\t\t\t\t<div class=\"captionCell\">\r\n\t\t\t\t\t\t\t\t<div class=\"captionTxt\"><\/div>\r\n\t\t\t\t\t\t\t<\/div>\r\n\t\t\t\t\t\t<\/div>\r\n\t\t\t\t\t<\/div><\/div><div class=\"btIconImageRow btIconsHalfHoverPosition\" ><span class=\"btIco btIcoFilledType btIcoBigSize btIcoAccentColor btIcoFromBottom btIcoOutline \" ><a href=\"#\"  target = \"no_target\" data-ico-cs=\"&#xe9d7;\" class=\"btIcoHolder\"><em><\/em><\/a><\/span><\/div><div class=\"btClear btSeparator topExtraSmallSpaced noBorder\" ><hr><\/div><header class=\"header btClear medium  btNormalDash\" ><div class=\"btSuperTitle\">For your child whitest teeths<\/div><div class=\"dash\"><h3><span class=\"headline\">INSTITUCI\u00d3N<\/span><\/h3><\/div><\/header><div class=\"btClear btSeparator topExtraSmallSpaced noBorder\" ><hr><\/div><div class=\"btText\" ><p>Contamos con 25 a\u00f1os de trayectoria, trabajando con los mejores profesionales de la salud.<\/p>\n<\/div><div class=\"btClear btSeparator topSmallSpaced noBorder\" ><hr><\/div><\/div><\/div><div class=\"rowItem col-md-3 col-sm-6 col-ms-12 btTextCenter animate animate-fadein btTextIndent inherit\"  ><div class=\"rowItemContent\" ><div class=\"bpgPhoto btTextCenter\" > \r\n\t\t\t\t\t<a href=\"#\" target=\"_self\" title=\"\"><\/a>\r\n\t\t\t\t\t<div class=\"boldPhotoBox\"><div class=\"bpbItem\"><div class = \"btImage\"><img decoding=\"async\" src=\"https:\/\/climedica.com.ar\/wp-content\/uploads\/2015\/12\/shutterstock_114189160-320x213.jpg\" alt=\"\" title=\"\" ><\/div><\/div><\/div>\r\n\t\t\t\t\t<div class=\"captionPane\">\r\n\t\t\t\t\t\t<div class=\"captionTable\">\r\n\t\t\t\t\t\t\t<div class=\"captionCell\">\r\n\t\t\t\t\t\t\t\t<div class=\"captionTxt\"><\/div>\r\n\t\t\t\t\t\t\t<\/div>\r\n\t\t\t\t\t\t<\/div>\r\n\t\t\t\t\t<\/div><\/div><div class=\"btIconImageRow btIconsHalfHoverPosition\" ><span class=\"btIco btIcoFilledType btIcoBigSize btIcoAccentColor btIcoFromBottom btIcoOutline \" ><a href=\"#\"  target = \"no_target\" data-ico-cs=\"&#xe9cc;\" class=\"btIcoHolder\"><em><\/em><\/a><\/span><\/div><div class=\"btClear btSeparator topExtraSmallSpaced noBorder\" ><hr><\/div><header class=\"header btClear medium  btNormalDash\" ><div class=\"btSuperTitle\">Got a broken heart?<\/div><div class=\"dash\"><h3><span class=\"headline\">SERVICIOS<\/span><\/h3><\/div><\/header><div class=\"btClear btSeparator topExtraSmallSpaced noBorder\" ><hr><\/div><div class=\"btText\" ><p>Contamos con una amplia variedad de servicios para la salud de nuestros pacientes.<\/p>\n<\/div><div class=\"btClear btSeparator topSmallSpaced noBorder\" ><hr><\/div><\/div><\/div><div class=\"rowItem col-md-3 col-sm-6 col-ms-12 btTextCenter animate animate-fadein btTextIndent inherit\"  ><div class=\"rowItemContent\" ><div class=\"bpgPhoto btTextCenter\" > \r\n\t\t\t\t\t<a href=\"#\" target=\"_self\" title=\"\"><\/a>\r\n\t\t\t\t\t<div class=\"boldPhotoBox\"><div class=\"bpbItem\"><div class = \"btImage\"><img decoding=\"async\" src=\"https:\/\/climedica.com.ar\/wp-content\/uploads\/2015\/12\/shutterstock_159016388-320x214.jpg\" alt=\"\" title=\"\" ><\/div><\/div><\/div>\r\n\t\t\t\t\t<div class=\"captionPane\">\r\n\t\t\t\t\t\t<div class=\"captionTable\">\r\n\t\t\t\t\t\t\t<div class=\"captionCell\">\r\n\t\t\t\t\t\t\t\t<div class=\"captionTxt\"><\/div>\r\n\t\t\t\t\t\t\t<\/div>\r\n\t\t\t\t\t\t<\/div>\r\n\t\t\t\t\t<\/div><\/div><div class=\"btIconImageRow btIconsHalfHoverPosition\" ><span class=\"btIco btIcoFilledType btIcoBigSize btIcoAccentColor btIcoFromBottom btIcoOutline \" ><a href=\"#\"  target = \"no_target\" data-ico-cs=\"&#xe94e;\" class=\"btIcoHolder\"><em><\/em><\/a><\/span><\/div><div class=\"btClear btSeparator topExtraSmallSpaced noBorder\" ><hr><\/div><header class=\"header btClear medium  btNormalDash\" ><div class=\"btSuperTitle\">Neck or back pain?<\/div><div class=\"dash\"><h3><span class=\"headline\">CARTILLA<\/span><\/h3><\/div><\/header><div class=\"btClear btSeparator topExtraSmallSpaced noBorder\" ><hr><\/div><div class=\"btText\" ><p>Trabajamos con las principales coberturas y una amplia variedad de obras sociales y prepagas.<\/p>\n<\/div><div class=\"btClear btSeparator topSmallSpaced noBorder\" ><hr><\/div><\/div><\/div><div class=\"rowItem col-md-3 col-sm-6 col-ms-12 btTextCenter animate animate-fadein btTextIndent btHighlight inherit\"  ><div class=\"rowItemContent\" ><div class=\"btClear btSeparator topSemiSpaced noBorder\" ><hr><\/div><header class=\"header btClear medium  btNormalDash\" ><div class=\"dash\"><h3><span class=\"headline\">HORARIOS<\/span><\/h3><\/div><\/header><div class=\"btClear btSeparator topExtraSmallSpaced noBorder\" ><hr><\/div><div class=\"btText\" ><p>Duis scelerisque faucibus nisi sed lacinia. Curabitur ipsum elit.<\/p>\n<\/div><div class=\"btClear btSeparator topSmallSpaced noBorder\" ><hr><\/div><div class=\"btWorkingHours  \" ><div class=\"btWorkingHoursInner\"><div class=\"btWorkingHoursInnerRow\"><div class=\"btWorkingHoursInnerTitle\">Lunes<\/div><div class=\"btWorkingHoursInnerContent\">8:00 AM &#8211; 2:30 PM<\/div><\/div><div class=\"btWorkingHoursInnerRow\"><div class=\"btWorkingHoursInnerTitle\">Martes<\/div><div class=\"btWorkingHoursInnerContent\">8:00 AM &#8211; 7:00 PM<\/div><\/div><div class=\"btWorkingHoursInnerRow\"><div class=\"btWorkingHoursInnerTitle\">Miercoles<\/div><div class=\"btWorkingHoursInnerContent\">8:00 AM &#8211; 7:00 PM<\/div><\/div><div class=\"btWorkingHoursInnerRow\"><div class=\"btWorkingHoursInnerTitle\">Jueves<\/div><div class=\"btWorkingHoursInnerContent\">8:00 AM &#8211; 7:00 PM<\/div><\/div><div class=\"btWorkingHoursInnerRow\"><div class=\"btWorkingHoursInnerTitle\">Viernes<\/div><div class=\"btWorkingHoursInnerContent\">8:00 AM &#8211; 7:00 PM<\/div><\/div><div class=\"btWorkingHoursInnerRow\"><div class=\"btWorkingHoursInnerTitle\">Sabados<\/div><div class=\"btWorkingHoursInnerContent\">Closed<\/div><\/div><div class=\"btWorkingHoursInnerRow\"><div class=\"btWorkingHoursInnerTitle\">Domingos<\/div><div class=\"btWorkingHoursInnerContent\">Closed<\/div><\/div><\/div><\/div><div class=\"btClear btSeparator topSemiSpaced noBorder\" ><hr><\/div><\/div><\/div><\/div><\/div><\/div><\/div><\/div><\/section>","protected":false},"excerpt":{"rendered":"","protected":false},"author":2,"featured_media":0,"parent":0,"menu_order":0,"comment_status":"closed","ping_status":"open","template":"","meta":{"footnotes":""},"class_list":["post-1338","page","type-page","status-publish","hentry"],"aioseo_notices":[],"_links":{"self":[{"href":"https:\/\/climedica.com.ar\/index.php?rest_route=\/wp\/v2\/pages\/1338","targetHints":{"allow":["GET"]}}],"collection":[{"href":"https:\/\/climedica.com.ar\/index.php?rest_route=\/wp\/v2\/pages"}],"about":[{"href":"https:\/\/climedica.com.ar\/index.php?rest_route=\/wp\/v2\/types\/page"}],"author":[{"embeddable":true,"href":"https:\/\/climedica.com.ar\/index.php?rest_route=\/wp\/v2\/users\/2"}],"replies":[{"embeddable":true,"href":"https:\/\/climedica.com.ar\/index.php?rest_route=%2Fwp%2Fv2%2Fcomments&post=1338"}],"version-history":[{"count":25,"href":"https:\/\/climedica.com.ar\/index.php?rest_route=\/wp\/v2\/pages\/1338\/revisions"}],"predecessor-version":[{"id":2855,"href":"https:\/\/climedica.com.ar\/index.php?rest_route=\/wp\/v2\/pages\/1338\/revisions\/2855"}],"wp:attachment":[{"href":"https:\/\/climedica.com.ar\/index.php?rest_route=%2Fwp%2Fv2%2Fmedia&parent=1338"}],"curies":[{"name":"wp","href":"https:\/\/api.w.org\/{rel}","templated":true}]}}